{"id":405,"date":"2023-02-02T09:39:48","date_gmt":"2023-02-02T09:39:48","guid":{"rendered":"https:\/\/temivels.pt\/?page_id=405"},"modified":"2023-02-07T17:46:19","modified_gmt":"2023-02-07T17:46:19","slug":"orgaos-sociais","status":"publish","type":"page","link":"https:\/\/temivels.pt\/?page_id=405","title":{"rendered":"\u00d3rg\u00e3os Sociais"},"content":{"rendered":"<h1 style=\"text-align: center;\"><img loading=\"lazy\" decoding=\"async\" class=\"size-full wp-image-519 aligncenter\" src=\"https:\/\/temivels.pt\/wp-content\/uploads\/2023\/02\/20943566.jpg\" alt=\"\" width=\"300\" height=\"300\" srcset=\"https:\/\/temivels.pt\/wp-content\/uploads\/2023\/02\/20943566.jpg 300w, https:\/\/temivels.pt\/wp-content\/uploads\/2023\/02\/20943566-150x150.jpg 150w\" sizes=\"auto, (max-width: 300px) 100vw, 300px\" \/><\/h1>\r\n<h1><span style=\"color: #ff6600;\">\u00d3rg\u00e3os Sociais<\/span><\/h1>\r\n<h5><span style=\"color: #545151;\">De acordo com os estatutos da Associa\u00e7\u00e3o Temivels d&#8217;Atalaia, o mandato dos \u00f3rg\u00e3os sociais tem a dura\u00e7\u00e3o de 3 anos. A atual dire\u00e7\u00e3o tem mandato at\u00e9 2025.<\/span><\/h5>\r\n<h5><span style=\"color: #545151;\">Os \u00f3rg\u00e3os sociais da Associa\u00e7\u00e3o s\u00e3o a Assembleia Geral, o Conselho Fiscal e a Dire\u00e7\u00e3o .<\/span><\/h5>\r\n<p>&nbsp;<\/p>\r\n\r\n<h2 class=\"has-text-align-center has-luminous-vivid-orange-color has-text-color wp-block-heading\">Assembleia Geral<\/h2>\r\n\r\n\r\n\r\n<h4 class=\"has-text-align-center has-luminous-vivid-amber-color has-text-color wp-block-heading\">Presidente<\/h4>\r\n\r\n\r\n\r\n<h5 class=\"has-text-align-center has-text-color wp-block-heading\" style=\"color: #4c4a4a;\">Armando Cassiano<\/h5>\r\n\r\n\r\n\r\n<h4 class=\"has-text-align-center has-luminous-vivid-amber-color has-text-color wp-block-heading\">Secret\u00e1rios<\/h4>\r\n\r\n\r\n\r\n<h5 class=\"has-text-align-center has-text-color wp-block-heading\" style=\"color: #4c4a4a;\">Pedro Gordinho &#8211; Lu\u00eds Arag\u00e3o<\/h5>\r\n\r\n\r\n\r\n<h2>\u00a0<\/h2>\r\n<h2 class=\"has-text-align-center has-luminous-vivid-orange-color has-text-color\">Conselho Fiscal<\/h2>\r\n\r\n\r\n\r\n<h4 class=\"has-text-align-center has-luminous-vivid-amber-color has-text-color wp-block-heading\">Presidente<\/h4>\r\n\r\n\r\n\r\n<h5 class=\"has-text-align-center has-text-color wp-block-heading\" style=\"color: #4c4a4a;\">Jo\u00e3o Sustelo<\/h5>\r\n\r\n\r\n\r\n<h4 class=\"has-text-align-center has-luminous-vivid-amber-color has-text-color wp-block-heading\">Secret\u00e1rios<\/h4>\r\n\r\n\r\n\r\n<h5 class=\"has-text-align-center has-text-color wp-block-heading\" style=\"color: #4c4a4a;\">Vivaldo Gon\u00e7alves &#8211; \u00c1lvaro Bonzinho<\/h5>\r\n\r\n\r\n\r\n<h2>\u00a0<\/h2>\r\n<h2 class=\"has-text-align-center has-luminous-vivid-orange-color has-text-color\">Dire\u00e7\u00e3o<\/h2>\r\n\r\n\r\n\r\n<h4 class=\"has-text-align-center has-luminous-vivid-amber-color has-text-color wp-block-heading\">Presidente<\/h4>\r\n\r\n\r\n\r\n<h5 class=\"has-text-align-center has-text-color wp-block-heading\" style=\"color: #4c4a4a;\">Vitor Saraiva<\/h5>\r\n\r\n\r\n\r\n<h4 class=\"has-text-align-center has-luminous-vivid-amber-color has-text-color wp-block-heading\">Financeiro \/ Comunica\u00e7\u00e3o<\/h4>\r\n\r\n\r\n\r\n<h5 class=\"has-text-align-center has-text-color wp-block-heading\" style=\"color: #4c4a4a;\">Eduardo Martins<\/h5>\r\n\r\n\r\n\r\n<h4 class=\"has-text-align-center has-luminous-vivid-amber-color has-text-color wp-block-heading\">Desporto<\/h4>\r\n\r\n\r\n\r\n<h5 class=\"has-text-align-center has-text-color wp-block-heading\" style=\"color: #4c4a4a;\">Jo\u00e3o Silva &#8211; Vitor Cunha<\/h5>\r\n\r\n\r\n\r\n<h4 class=\"has-text-align-center has-luminous-vivid-amber-color has-text-color wp-block-heading\">Eventos<\/h4>\r\n\r\n\r\n\r\n<h5 class=\"has-text-align-center has-text-color wp-block-heading\" style=\"color: #4c4a4a;\">Filomeno Quintino<\/h5>\r\n<p>&nbsp;<\/p>\r\n<p><img loading=\"lazy\" decoding=\"async\" class=\"wp-image-448 size-large aligncenter\" src=\"https:\/\/temivels.pt\/wp-content\/uploads\/2023\/02\/Desktop_Header_Image-1024x631.png\" alt=\"\" width=\"1024\" height=\"631\" srcset=\"https:\/\/temivels.pt\/wp-content\/uploads\/2023\/02\/Desktop_Header_Image-1024x631.png 1024w, https:\/\/temivels.pt\/wp-content\/uploads\/2023\/02\/Desktop_Header_Image-300x185.png 300w, https:\/\/temivels.pt\/wp-content\/uploads\/2023\/02\/Desktop_Header_Image-768x473.png 768w, https:\/\/temivels.pt\/wp-content\/uploads\/2023\/02\/Desktop_Header_Image.png 1459w\" sizes=\"auto, (max-width: 1024px) 100vw, 1024px\" \/><\/p>\r\n","protected":false},"excerpt":{"rendered":"<p>\u00d3rg\u00e3os Sociais De acordo com os estatutos da Associa\u00e7\u00e3o Temivels d&#8217;Atalaia, o mandato dos \u00f3rg\u00e3os sociais tem a dura\u00e7\u00e3o de 3 anos. A atual dire\u00e7\u00e3o&#8230;<\/p>\n","protected":false},"author":1,"featured_media":14,"parent":0,"menu_order":0,"comment_status":"closed","ping_status":"closed","template":"template-full.php","meta":{"footnotes":""},"class_list":["post-405","page","type-page","status-publish","has-post-thumbnail","hentry"],"_links":{"self":[{"href":"https:\/\/temivels.pt\/index.php?rest_route=\/wp\/v2\/pages\/405","targetHints":{"allow":["GET"]}}],"collection":[{"href":"https:\/\/temivels.pt\/index.php?rest_route=\/wp\/v2\/pages"}],"about":[{"href":"https:\/\/temivels.pt\/index.php?rest_route=\/wp\/v2\/types\/page"}],"author":[{"embeddable":true,"href":"https:\/\/temivels.pt\/index.php?rest_route=\/wp\/v2\/users\/1"}],"replies":[{"embeddable":true,"href":"https:\/\/temivels.pt\/index.php?rest_route=%2Fwp%2Fv2%2Fcomments&post=405"}],"version-history":[{"count":18,"href":"https:\/\/temivels.pt\/index.php?rest_route=\/wp\/v2\/pages\/405\/revisions"}],"predecessor-version":[{"id":549,"href":"https:\/\/temivels.pt\/index.php?rest_route=\/wp\/v2\/pages\/405\/revisions\/549"}],"wp:featuredmedia":[{"embeddable":true,"href":"https:\/\/temivels.pt\/index.php?rest_route=\/wp\/v2\/media\/14"}],"wp:attachment":[{"href":"https:\/\/temivels.pt\/index.php?rest_route=%2Fwp%2Fv2%2Fmedia&parent=405"}],"curies":[{"name":"wp","href":"https:\/\/api.w.org\/{rel}","templated":true}]}}