{"id":617,"date":"2023-04-12T15:03:11","date_gmt":"2023-04-12T15:03:11","guid":{"rendered":"https:\/\/temivels.pt\/?page_id=617"},"modified":"2023-04-12T15:03:55","modified_gmt":"2023-04-12T15:03:55","slug":"apedalar","status":"publish","type":"page","link":"https:\/\/temivels.pt\/?page_id=617","title":{"rendered":"Apedalar"},"content":{"rendered":"<h6 style=\"text-align: center;\">A plataforma apedalar.pt \u00e9 um conte\u00fado externo ao site da Associa\u00e7\u00e3o Temivels d&#8217;Atalaia, serve apenas para consulta. A Associa\u00e7\u00e3o Temivels d&#8217;Atalaia n\u00e3o \u00e9 respons\u00e1vel pelos conte\u00fados publicados na plataforma apedalar.pt<\/h6>\n<p style=\"text-align: center;\"><iframe loading=\"lazy\" src=\"https:\/\/apedalar.pt\/eventos\" width=\"100%\" height=\"900\" align=\"middle\" allowfullscreen=\"allowfullscreen\"><span data-mce-type=\"bookmark\" style=\"display: inline-block; width: 0px; overflow: hidden; line-height: 0;\" class=\"mce_SELRES_start\"><span data-mce-type=\"bookmark\" style=\"display: inline-block; width: 0px; overflow: hidden; line-height: 0;\" class=\"mce_SELRES_start\">\ufeff<\/span>\ufeff<\/span>&#8230;<\/iframe><\/p>\n","protected":false},"excerpt":{"rendered":"<p>A plataforma apedalar.pt \u00e9 um conte\u00fado externo ao site da Associa\u00e7\u00e3o Temivels d&#8217;Atalaia, serve apenas para consulta. A Associa\u00e7\u00e3o Temivels d&#8217;Atalaia n\u00e3o \u00e9 respons\u00e1vel pelos&#8230;<\/p>\n","protected":false},"author":1,"featured_media":0,"parent":0,"menu_order":0,"comment_status":"closed","ping_status":"closed","template":"template-full.php","meta":{"footnotes":""},"class_list":["post-617","page","type-page","status-publish","hentry"],"_links":{"self":[{"href":"https:\/\/temivels.pt\/index.php?rest_route=\/wp\/v2\/pages\/617","targetHints":{"allow":["GET"]}}],"collection":[{"href":"https:\/\/temivels.pt\/index.php?rest_route=\/wp\/v2\/pages"}],"about":[{"href":"https:\/\/temivels.pt\/index.php?rest_route=\/wp\/v2\/types\/page"}],"author":[{"embeddable":true,"href":"https:\/\/temivels.pt\/index.php?rest_route=\/wp\/v2\/users\/1"}],"replies":[{"embeddable":true,"href":"https:\/\/temivels.pt\/index.php?rest_route=%2Fwp%2Fv2%2Fcomments&post=617"}],"version-history":[{"count":3,"href":"https:\/\/temivels.pt\/index.php?rest_route=\/wp\/v2\/pages\/617\/revisions"}],"predecessor-version":[{"id":620,"href":"https:\/\/temivels.pt\/index.php?rest_route=\/wp\/v2\/pages\/617\/revisions\/620"}],"wp:attachment":[{"href":"https:\/\/temivels.pt\/index.php?rest_route=%2Fwp%2Fv2%2Fmedia&parent=617"}],"curies":[{"name":"wp","href":"https:\/\/api.w.org\/{rel}","templated":true}]}}