{"id":634,"date":"2023-07-07T09:46:41","date_gmt":"2023-07-07T09:46:41","guid":{"rendered":"https:\/\/temivels.pt\/?page_id=634"},"modified":"2023-07-13T10:41:50","modified_gmt":"2023-07-13T10:41:50","slug":"estatutos","status":"publish","type":"page","link":"https:\/\/temivels.pt\/?page_id=634","title":{"rendered":"Estatutos"},"content":{"rendered":"<p style=\"text-align: center;\"><img loading=\"lazy\" decoding=\"async\" class=\"wp-image-635 size-medium aligncenter\" src=\"https:\/\/temivels.pt\/wp-content\/uploads\/2023\/07\/associations-300x266.webp\" alt=\"\" width=\"300\" height=\"266\" srcset=\"https:\/\/temivels.pt\/wp-content\/uploads\/2023\/07\/associations-300x266.webp 300w, https:\/\/temivels.pt\/wp-content\/uploads\/2023\/07\/associations-1024x907.webp 1024w, https:\/\/temivels.pt\/wp-content\/uploads\/2023\/07\/associations-768x680.webp 768w, https:\/\/temivels.pt\/wp-content\/uploads\/2023\/07\/associations-1536x1360.webp 1536w, https:\/\/temivels.pt\/wp-content\/uploads\/2023\/07\/associations-2048x1814.webp 2048w\" sizes=\"auto, (max-width: 300px) 100vw, 300px\" \/><\/p>\n<h1><\/h1>\n<h1 style=\"text-align: center;\"><span style=\"color: #ff6600;\">ESTATUTOS<\/span><\/h1>\n<h6 style=\"text-align: center;\"><span style=\"color: #333333;\">Constitui\u00e7\u00e3o da associa\u00e7\u00e3o | Faro, 30 de Outubro de 2014<\/span><\/h6>\n<h2 id=\"up\"><span style=\"color: #ff6600;\">Cap\u00edtulo 1<\/span><\/h2>\n<h4><a href=\"#Artigo N\u00ba. 1\">Artigo N\u00ba. 1 &#8211; Denomina\u00e7\u00e3o, Sede e Dura\u00e7\u00e3o<\/a><\/h4>\n<h4><a href=\"#Artigo N\u00ba. 2\">Artigo N\u00ba. 2 &#8211; Fim (objetivo)<\/a><\/h5>\n<h4><a href=\"#Artigo N\u00ba. 3\">Artigo N\u00ba. 3 &#8211; Receitas<\/a><\/h4>\n<h4><a href=\"#Artigo N\u00ba. 4\">Artigo N\u00ba. 4 &#8211; \u00d3rg\u00e3os<\/a><\/h4>\n<h4><a href=\"#Artigo N\u00ba. 5\">Artigo N\u00ba. 5 &#8211; Assembleia Geral<\/a><\/h4>\n<h4><a href=\"#Artigo N\u00ba. 6\">Artigo N\u00ba. 6 &#8211; Dire\u00e7\u00e3o<\/a><\/h4>\n<h4><a href=\"#Artigo N\u00ba. 7\">Artigo N\u00ba. 7 &#8211; Conselho Fiscal<\/a><\/h4>\n<h4><a href=\"#Artigo N\u00ba. 8\">Artigo N\u00ba. 8 &#8211; Admiss\u00e3o e Exclus\u00e3o<\/a><\/h4>\n<h4><a href=\"#Artigo N\u00ba. 9\">Artigo N\u00ba. 9 &#8211; Extin\u00e7\u00e3o. Destino dos Bens.<\/a><\/h4>\n<p>&nbsp;<\/p>\n<p>&nbsp;<\/p>\n<h3 id=\"Artigo N\u00ba. 1\" style=\"text-align: left;\"><span style=\"color: #ff6600;\">Artigo N\u00ba. 1 &#8211; Denomina\u00e7\u00e3o, Sede e Dura\u00e7\u00e3o<\/span><\/h3>\n<p><span style=\"color: #333333;\">1.\u00a0 A Associa\u00e7\u00e3o, sem fins lucrativos, adopta a denomina\u00e7\u00e3o <strong>ASSOCIA\u00c7\u00c3O TEMIVELS D&#8217;ATALAIA<\/strong>, e tem sede na Rua Dr. Joaquim Peixoto Magalh\u00e3es, N\u00ba 40, 1\u00ba Esq., Faro, freguesia de Faro (S\u00e9 e S\u00e3o Pedro), concelho de Faro e constitui-se por tempo indeterminado.<\/span><\/p>\n<p><span style=\"color: #333333;\">2. A associa\u00e7\u00e3o tem o N\u00famero de Pessoa Coletiva 513327398 e o N\u00famero de Identifica\u00e7\u00e3o na Seguran\u00e7a Social 25133273988.\u00a0<\/span><\/p>\n<p><a href=\"#up\"><img loading=\"lazy\" decoding=\"async\" class=\"aligncenter wp-image-675\" src=\"https:\/\/temivels.pt\/wp-content\/uploads\/2023\/07\/istockphoto-1144366289-170667a-150x150.jpg\" alt=\"\" width=\"40\" height=\"40\" srcset=\"https:\/\/temivels.pt\/wp-content\/uploads\/2023\/07\/istockphoto-1144366289-170667a-150x150.jpg 150w, https:\/\/temivels.pt\/wp-content\/uploads\/2023\/07\/istockphoto-1144366289-170667a-300x300.jpg 300w, https:\/\/temivels.pt\/wp-content\/uploads\/2023\/07\/istockphoto-1144366289-170667a.jpg 416w\" sizes=\"auto, (max-width: 40px) 100vw, 40px\" \/><\/a><\/p>\n<h3 id=\"Artigo N\u00ba. 2\" style=\"text-align: left;\"><span style=\"color: #ff6600;\">Artigo N\u00ba. 2 &#8211; Fim (Objetivo)<\/span><\/h3>\n<p>A associa\u00e7\u00e3o tem como fim a promo\u00e7\u00e3o e organiza\u00e7\u00e3o de atividades f\u00edsicas e desportivas com finalidades l\u00fadicas, em especial as associadas \u00e0 pr\u00e1tica do ciclismo, bem como a anima\u00e7\u00e3o cultural e recreativa dos associados e popula\u00e7\u00e3o em geral, promo\u00e7\u00e3o e divulga\u00e7\u00e3o do patrim\u00f3nio cultural, art\u00edstico, paisag\u00edstico e ambiental, particularmente do concelho de Faro.<\/p>\n<p><a href=\"#up\"><img loading=\"lazy\" decoding=\"async\" class=\"aligncenter wp-image-675\" src=\"https:\/\/temivels.pt\/wp-content\/uploads\/2023\/07\/istockphoto-1144366289-170667a-150x150.jpg\" alt=\"\" width=\"40\" height=\"40\" srcset=\"https:\/\/temivels.pt\/wp-content\/uploads\/2023\/07\/istockphoto-1144366289-170667a-150x150.jpg 150w, https:\/\/temivels.pt\/wp-content\/uploads\/2023\/07\/istockphoto-1144366289-170667a-300x300.jpg 300w, https:\/\/temivels.pt\/wp-content\/uploads\/2023\/07\/istockphoto-1144366289-170667a.jpg 416w\" sizes=\"auto, (max-width: 40px) 100vw, 40px\" \/><\/a><\/p>\n<h3 id=\"Artigo N\u00ba. 3\" style=\"text-align: left;\"><span style=\"color: #ff6600;\">Artigo N\u00ba. 3 &#8211; Receitas<\/span><\/h3>\n<p>Constituem receitas da associa\u00e7\u00e3o, designadamente:<\/p>\n<ul>\n<li>a) a joia inicial paga pelos s\u00f3cios;<\/li>\n<li>b) o produto das quotiza\u00e7\u00f5es fixadas pela Assembleia Geral;<\/li>\n<li>c) os rendimentos dos bens pr\u00f3prios da associa\u00e7\u00e3o e as receitas das atividades sociais;<\/li>\n<li>d) as liberalidades aceites pela associa\u00e7\u00e3o;<\/li>\n<li>e) os subs\u00eddios que lhe sejam atribu\u00eddos.<\/li>\n<\/ul>\n<p><a href=\"#up\"><img loading=\"lazy\" decoding=\"async\" class=\"aligncenter wp-image-675\" src=\"https:\/\/temivels.pt\/wp-content\/uploads\/2023\/07\/istockphoto-1144366289-170667a-150x150.jpg\" alt=\"\" width=\"40\" height=\"40\" srcset=\"https:\/\/temivels.pt\/wp-content\/uploads\/2023\/07\/istockphoto-1144366289-170667a-150x150.jpg 150w, https:\/\/temivels.pt\/wp-content\/uploads\/2023\/07\/istockphoto-1144366289-170667a-300x300.jpg 300w, https:\/\/temivels.pt\/wp-content\/uploads\/2023\/07\/istockphoto-1144366289-170667a.jpg 416w\" sizes=\"auto, (max-width: 40px) 100vw, 40px\" \/><\/a><\/p>\n<h3 id=\"Artigo N\u00ba. 4\" style=\"text-align: left;\"><span style=\"color: #ff6600;\">Artigo N\u00ba. 4 &#8211; \u00d3rg\u00e3os<\/span><\/h3>\n<p>1.\u00a0 S\u00e3o \u00f3rg\u00e3os da associa\u00e7\u00e3o a Assembleia Geral, a Dire\u00e7\u00e3o e o Conselho Fiscal.<\/p>\n<p>2. O mandato dos titulares dos \u00f3rg\u00e3os sociais \u00e9 de 2 anos.<\/p>\n<p><a href=\"#up\"><img loading=\"lazy\" decoding=\"async\" class=\"aligncenter wp-image-675\" src=\"https:\/\/temivels.pt\/wp-content\/uploads\/2023\/07\/istockphoto-1144366289-170667a-150x150.jpg\" alt=\"\" width=\"40\" height=\"40\" srcset=\"https:\/\/temivels.pt\/wp-content\/uploads\/2023\/07\/istockphoto-1144366289-170667a-150x150.jpg 150w, https:\/\/temivels.pt\/wp-content\/uploads\/2023\/07\/istockphoto-1144366289-170667a-300x300.jpg 300w, https:\/\/temivels.pt\/wp-content\/uploads\/2023\/07\/istockphoto-1144366289-170667a.jpg 416w\" sizes=\"auto, (max-width: 40px) 100vw, 40px\" \/><\/a><\/p>\n<h3 id=\"Artigo N\u00ba. 5\" style=\"text-align: left;\"><span style=\"color: #ff6600;\">Artigo N\u00ba. 5 &#8211; Assembleia Geral<\/span><\/h3>\n<p>1.\u00a0 A Assembleia Geral \u00e9 constitu\u00edda por todos os associados no pleno gozo dos seus direitos.<\/p>\n<p>2. A compet\u00eancia da Assembleia Geral e a forma do seu funcionamento s\u00e3o os estabelecidos no C\u00f3digo Civil, designadamente no artigo 170\u00ba, e nos artigos 172\u00ba a 179\u00ba.<\/p>\n<p>3. A mesa da Assembleia Geral \u00e9 composta por tr\u00eas associados, um presidente e dois secret\u00e1rios, competindo-lhes dirigir as reuni\u00f5es da assembleia e lavrar as respectivas actas.<\/p>\n<p><a href=\"#up\"><img loading=\"lazy\" decoding=\"async\" class=\"aligncenter wp-image-675\" src=\"https:\/\/temivels.pt\/wp-content\/uploads\/2023\/07\/istockphoto-1144366289-170667a-150x150.jpg\" alt=\"\" width=\"40\" height=\"40\" srcset=\"https:\/\/temivels.pt\/wp-content\/uploads\/2023\/07\/istockphoto-1144366289-170667a-150x150.jpg 150w, https:\/\/temivels.pt\/wp-content\/uploads\/2023\/07\/istockphoto-1144366289-170667a-300x300.jpg 300w, https:\/\/temivels.pt\/wp-content\/uploads\/2023\/07\/istockphoto-1144366289-170667a.jpg 416w\" sizes=\"auto, (max-width: 40px) 100vw, 40px\" \/><\/a><\/p>\n<h3 id=\"Artigo N\u00ba. 6\" style=\"text-align: left;\"><span style=\"color: #ff6600;\">Artigo N\u00ba. 6 &#8211; Dire\u00e7\u00e3o<\/span><\/h3>\n<p>1. A Dire\u00e7\u00e3o, eleita em Assembleia Geral, \u00e9 composta por 5 associados.<\/p>\n<p>2.\u00a0\u00c0 Dire\u00e7\u00e3o compete a ger\u00eancia social, administrativa e financeira da associa\u00e7\u00e3o, representar a associa\u00e7\u00e3o em ju\u00edzo e fora dele.<\/p>\n<p>3. A forma do seu funcionamento \u00e9 a estabelecida no artigo 171\u00ba do C\u00f3digo Civil.<\/p>\n<p>4. A Associa\u00e7\u00e3o obriga-se com a interven\u00e7\u00e3o de 2 membros da Dire\u00e7\u00e3o.<\/p>\n<p><a href=\"#up\"><img loading=\"lazy\" decoding=\"async\" class=\"aligncenter wp-image-675\" src=\"https:\/\/temivels.pt\/wp-content\/uploads\/2023\/07\/istockphoto-1144366289-170667a-150x150.jpg\" alt=\"\" width=\"40\" height=\"40\" srcset=\"https:\/\/temivels.pt\/wp-content\/uploads\/2023\/07\/istockphoto-1144366289-170667a-150x150.jpg 150w, https:\/\/temivels.pt\/wp-content\/uploads\/2023\/07\/istockphoto-1144366289-170667a-300x300.jpg 300w, https:\/\/temivels.pt\/wp-content\/uploads\/2023\/07\/istockphoto-1144366289-170667a.jpg 416w\" sizes=\"auto, (max-width: 40px) 100vw, 40px\" \/><\/a><\/p>\n<h3 id=\"Artigo N\u00ba. 7\" style=\"text-align: left;\"><span style=\"color: #ff6600;\">Artigo N\u00ba. 7 &#8211; Conselho Fiscal<\/span><\/h3>\n<p>1. O Conselho Fiscal, eleito em Assembleia Geral, \u00e9 composto por 3 associados.<\/p>\n<p>2.\u00a0Ao Conselho Fiscal compete fiscalizar os atos administrativos e financeiros da Dire\u00e7\u00e3o, fiscalizar as suas contas e relat\u00f3rios, e dar parecer sobre os atos que impliquem o aumento das despesas ou diminui\u00e7\u00e3o das receitas.<\/p>\n<p>3. A forma do seu funcionamento \u00e9 a estabelecida no artigo 171\u00ba do C\u00f3digo Civil.<\/p>\n<p><a href=\"#up\"><img loading=\"lazy\" decoding=\"async\" class=\"aligncenter wp-image-675\" src=\"https:\/\/temivels.pt\/wp-content\/uploads\/2023\/07\/istockphoto-1144366289-170667a-150x150.jpg\" alt=\"\" width=\"40\" height=\"40\" srcset=\"https:\/\/temivels.pt\/wp-content\/uploads\/2023\/07\/istockphoto-1144366289-170667a-150x150.jpg 150w, https:\/\/temivels.pt\/wp-content\/uploads\/2023\/07\/istockphoto-1144366289-170667a-300x300.jpg 300w, https:\/\/temivels.pt\/wp-content\/uploads\/2023\/07\/istockphoto-1144366289-170667a.jpg 416w\" sizes=\"auto, (max-width: 40px) 100vw, 40px\" \/><\/a><\/p>\n<h3 id=\"Artigo N\u00ba. 8\" style=\"text-align: left;\"><span style=\"color: #ff6600;\">Artigo N\u00ba. 8 &#8211; Admiss\u00e3o ou exclus\u00e3o<\/span><\/h3>\n<p>As condi\u00e7\u00f5es de admiss\u00e3o e exclus\u00e3o dos associados, suas categorias, direitos e obriga\u00e7\u00f5es, constar\u00e3o de regulamento a aprovar pela a Assembleia Geral.<\/p>\n<p><a href=\"#up\"><img loading=\"lazy\" decoding=\"async\" class=\"aligncenter wp-image-675\" src=\"https:\/\/temivels.pt\/wp-content\/uploads\/2023\/07\/istockphoto-1144366289-170667a-150x150.jpg\" alt=\"\" width=\"40\" height=\"40\" srcset=\"https:\/\/temivels.pt\/wp-content\/uploads\/2023\/07\/istockphoto-1144366289-170667a-150x150.jpg 150w, https:\/\/temivels.pt\/wp-content\/uploads\/2023\/07\/istockphoto-1144366289-170667a-300x300.jpg 300w, https:\/\/temivels.pt\/wp-content\/uploads\/2023\/07\/istockphoto-1144366289-170667a.jpg 416w\" sizes=\"auto, (max-width: 40px) 100vw, 40px\" \/><\/a><\/p>\n<h3 id=\"Artigo N\u00ba. 9\" style=\"text-align: left;\"><span style=\"color: #ff6600;\">Artigo N\u00ba. 9 &#8211; Extin\u00e7\u00e3o. Destino dos bens.<\/span><\/h3>\n<p>Extinta a Associa\u00e7\u00e3o, o destino dos bens que integram o patrim\u00f3nio social, que n\u00e3o estejam afetados a fim determinado e que n\u00e3o lhe tenham sido doados ou deixados com algum encargo, ser\u00e1 objeto de delibera\u00e7\u00e3o dos associados.<\/p>\n<p><a href=\"#up\"><img loading=\"lazy\" decoding=\"async\" class=\"aligncenter wp-image-675\" src=\"https:\/\/temivels.pt\/wp-content\/uploads\/2023\/07\/istockphoto-1144366289-170667a-150x150.jpg\" alt=\"\" width=\"40\" height=\"40\" srcset=\"https:\/\/temivels.pt\/wp-content\/uploads\/2023\/07\/istockphoto-1144366289-170667a-150x150.jpg 150w, https:\/\/temivels.pt\/wp-content\/uploads\/2023\/07\/istockphoto-1144366289-170667a-300x300.jpg 300w, https:\/\/temivels.pt\/wp-content\/uploads\/2023\/07\/istockphoto-1144366289-170667a.jpg 416w\" sizes=\"auto, (max-width: 40px) 100vw, 40px\" \/><\/a><\/p>\n<p>&nbsp;<\/p>\n<h5 style=\"text-align: center;\"><\/h5>\n<p>&nbsp;<\/p>\n","protected":false},"excerpt":{"rendered":"<p>ESTATUTOS Constitui\u00e7\u00e3o da associa\u00e7\u00e3o | Faro, 30 de Outubro de 2014 Cap\u00edtulo 1 Artigo N\u00ba. 1 &#8211; Denomina\u00e7\u00e3o, Sede e Dura\u00e7\u00e3o Artigo N\u00ba. 2 &#8211;&#8230;<\/p>\n","protected":false},"author":1,"featured_media":635,"parent":426,"menu_order":0,"comment_status":"closed","ping_status":"closed","template":"template-full.php","meta":{"footnotes":""},"class_list":["post-634","page","type-page","status-publish","has-post-thumbnail","hentry"],"_links":{"self":[{"href":"https:\/\/temivels.pt\/index.php?rest_route=\/wp\/v2\/pages\/634","targetHints":{"allow":["GET"]}}],"collection":[{"href":"https:\/\/temivels.pt\/index.php?rest_route=\/wp\/v2\/pages"}],"about":[{"href":"https:\/\/temivels.pt\/index.php?rest_route=\/wp\/v2\/types\/page"}],"author":[{"embeddable":true,"href":"https:\/\/temivels.pt\/index.php?rest_route=\/wp\/v2\/users\/1"}],"replies":[{"embeddable":true,"href":"https:\/\/temivels.pt\/index.php?rest_route=%2Fwp%2Fv2%2Fcomments&post=634"}],"version-history":[{"count":45,"href":"https:\/\/temivels.pt\/index.php?rest_route=\/wp\/v2\/pages\/634\/revisions"}],"predecessor-version":[{"id":696,"href":"https:\/\/temivels.pt\/index.php?rest_route=\/wp\/v2\/pages\/634\/revisions\/696"}],"up":[{"embeddable":true,"href":"https:\/\/temivels.pt\/index.php?rest_route=\/wp\/v2\/pages\/426"}],"wp:featuredmedia":[{"embeddable":true,"href":"https:\/\/temivels.pt\/index.php?rest_route=\/wp\/v2\/media\/635"}],"wp:attachment":[{"href":"https:\/\/temivels.pt\/index.php?rest_route=%2Fwp%2Fv2%2Fmedia&parent=634"}],"curies":[{"name":"wp","href":"https:\/\/api.w.org\/{rel}","templated":true}]}}