{"id":688,"date":"2023-07-13T10:17:42","date_gmt":"2023-07-13T10:17:42","guid":{"rendered":"https:\/\/temivels.pt\/?page_id=688"},"modified":"2023-07-13T11:12:46","modified_gmt":"2023-07-13T11:12:46","slug":"regulamento","status":"publish","type":"page","link":"https:\/\/temivels.pt\/?page_id=688","title":{"rendered":"Regulamento"},"content":{"rendered":"<p><img loading=\"lazy\" decoding=\"async\" class=\"aligncenter wp-image-689 size-full\" src=\"https:\/\/temivels.pt\/wp-content\/uploads\/2023\/07\/REGULAMENTO.png\" alt=\"\" width=\"594\" height=\"478\" srcset=\"https:\/\/temivels.pt\/wp-content\/uploads\/2023\/07\/REGULAMENTO.png 594w, https:\/\/temivels.pt\/wp-content\/uploads\/2023\/07\/REGULAMENTO-300x241.png 300w\" sizes=\"auto, (max-width: 594px) 100vw, 594px\" \/><\/p>\n<p>&nbsp;<\/p>\n<h1><\/h1>\n<h1 style=\"text-align: center;\"><span style=\"color: #2b8ae3;\"><strong>REGULAMENTO INTERNO<\/strong><\/span><\/h1>\n<h6 style=\"text-align: center;\"><span style=\"color: #333333;\">Aprovado em Assembleia Geral | Faro, 25 Mar\u00e7o 2023<\/span><\/h6>\n<h2 id=\"up\"><span style=\"color: #ff6600;\">Cap\u00edtulo I\u00a0<\/span><\/h2>\n<h4><span style=\"color: #2b8ae3;\"><a style=\"color: #2b8ae3;\" href=\"#Apresenta\u00e7\u00e3o e Objeto\">Apresenta\u00e7\u00e3o e Objeto<\/a><\/span><\/h4>\n<h2 id=\"up\"><span style=\"color: #ff6600;\">Cap\u00edtulo II<\/span><\/h2>\n<h4><span style=\"color: #2b8ae3;\"><a style=\"color: #2b8ae3;\" href=\"#Dos Associados\">Dos Associados<\/a><\/span><\/h4>\n<h4><a href=\"#Artigo N\u00ba. 3\">Artigo N\u00ba. 3 &#8211; Receitas<\/a><\/h4>\n<h4><a href=\"#Artigo N\u00ba. 4\">Artigo N\u00ba. 4 &#8211; \u00d3rg\u00e3os<\/a><\/h4>\n<h4><a href=\"#Artigo N\u00ba. 5\">Artigo N\u00ba. 5 &#8211; Assembleia Geral<\/a><\/h4>\n<h4><a href=\"#Artigo N\u00ba. 6\">Artigo N\u00ba. 6 &#8211; Dire\u00e7\u00e3o<\/a><\/h4>\n<h4><a href=\"#Artigo N\u00ba. 7\">Artigo N\u00ba. 7 &#8211; Conselho Fiscal<\/a><\/h4>\n<h4><a href=\"#Artigo N\u00ba. 8\">Artigo N\u00ba. 8 &#8211; Admiss\u00e3o e Exclus\u00e3o<\/a><\/h4>\n<h4><a href=\"#Artigo N\u00ba. 9\">Artigo N\u00ba. 9 &#8211; Extin\u00e7\u00e3o. Destino dos Bens.<\/a><\/h4>\n<p>&nbsp;<\/p>\n<h1><span style=\"color: #ff6600;\">Cap\u00edtulo I<\/span><\/h1>\n<h3 id=\"Apresenta\u00e7\u00e3o e Objeto\" style=\"text-align: left;\"><strong><span style=\"color: #2b8ae3;\">Apresenta\u00e7\u00e3o e Objeto<\/span><\/strong><\/h3>\n<h5 id=\"Artigo N\u00ba. 1\" style=\"text-align: left;\"><strong><span style=\"color: #ff9900;\">Artigo N\u00ba. 1<\/span><\/strong><\/h5>\n<p>1. Este regulamento define a atividade da associa\u00e7\u00e3o Temivels d\u2019Atalaia de acordo com os Estatutos vinculados no ato da sua constitui\u00e7\u00e3o no dia 04 de dezembro de 2014.<\/p>\n<p>2. A Associa\u00e7\u00e3o tem como objeto a promo\u00e7\u00e3o e organiza\u00e7\u00e3o de atividades f\u00edsicas e desportivas, bem como a anima\u00e7\u00e3o cultural e recreativa dos associados e popula\u00e7\u00e3o em geral, promo\u00e7\u00e3o e divulga\u00e7\u00e3o do patrim\u00f3nio\u00a0 cultural, art\u00edstico, paisag\u00edstico e ambiental, particularmente do concelho de Faro.<\/p>\n<p>&nbsp;<\/p>\n<p><a href=\"#up\"><img loading=\"lazy\" decoding=\"async\" class=\"aligncenter wp-image-675\" src=\"https:\/\/temivels.pt\/wp-content\/uploads\/2023\/07\/istockphoto-1144366289-170667a-150x150.jpg\" alt=\"\" width=\"40\" height=\"40\" srcset=\"https:\/\/temivels.pt\/wp-content\/uploads\/2023\/07\/istockphoto-1144366289-170667a-150x150.jpg 150w, https:\/\/temivels.pt\/wp-content\/uploads\/2023\/07\/istockphoto-1144366289-170667a-300x300.jpg 300w, https:\/\/temivels.pt\/wp-content\/uploads\/2023\/07\/istockphoto-1144366289-170667a.jpg 416w\" sizes=\"auto, (max-width: 40px) 100vw, 40px\" \/><\/a><\/p>\n<h1><span style=\"color: #ff6600;\">Cap\u00edtulo II<\/span><\/h1>\n<h3 id=\"Dos Associados\" style=\"text-align: left;\"><strong><span style=\"color: #2b8ae3;\">Dos Associados<\/span><\/strong><\/h3>\n<h5><strong><span style=\"color: #ff9900;\">Artigo N\u00ba. 2<\/span><\/strong><\/h5>\n<p>A Associa\u00e7\u00e3o tem quatro categorias de associados: S\u00f3cio Fundador, S\u00f3cio Individual, S\u00f3cio Coletivo e S\u00f3cio Honor\u00e1rio.<\/p>\n<h5><strong><span style=\"color: #ff9900;\">Artigo N\u00ba. 3<\/span><\/strong><\/h5>\n<p>1. Compete \u00e0 Dire\u00e7\u00e3o definir a j\u00f3ia e quotiza\u00e7\u00e3o dos s\u00f3cios;<\/p>\n<p>2. Compete \u00e0 Dire\u00e7\u00e3o atribuir o estatuto de S\u00f3cio Honor\u00e1rio, em vida ou a t\u00edtulo p\u00f3stumo, aos s\u00f3cios que manifestamente prestaram servi\u00e7os relevantes e\/ou dignificaram desportivamente a Associa\u00e7\u00e3o, honrando o seu nome e honra junto da comunidade;<\/p>\n<p>3. Os S\u00f3cios Honor\u00e1rios ficam isentos do pagamento de qualquer quotiza\u00e7\u00e3o.<\/p>\n<p>4. Os S\u00f3cios Honor\u00e1rios n\u00e3o poder\u00e3o integrar os \u00d3rg\u00e3os Sociais da Associa\u00e7\u00e3o.<\/p>\n<h5><strong><span style=\"color: #ff9900;\">Artigo N\u00ba. 4<\/span><\/strong><\/h5>\n<p>Podem ser S\u00f3cios da Associa\u00e7\u00e3o pessoas singulares ou coletivas que se sintam identificadas com as atividades desenvolvidas pela coletividade e que requeiram a sua respetiva inscri\u00e7\u00e3o, desde que se verifiquem as\u00a0 seguintes condi\u00e7\u00f5es:<\/p>\n<p>1. Seja proposto por um s\u00f3cio na plenitude dos seus direitos e aceite pela Dire\u00e7\u00e3o da Associa\u00e7\u00e3o.<\/p>\n<h5><strong><span style=\"color: #ff9900;\">Artigo N\u00ba. 5<\/span><\/strong><\/h5>\n<p>S\u00e3o S\u00f3cios Fundadores o conjunto de pessoas que constitu\u00edram inicialmente o grupo que fundou a Associa\u00e7\u00e3o, mantendo-se permanentemente associados, tendo voto de qualidade (dois votos por S\u00f3cio Fundador) em\u00a0 c caso de empate em vota\u00e7\u00f5es na Assembleia Geral.<\/p>\n<h5><strong><span style=\"color: #ff9900;\">Artigo N\u00ba. 6<\/span><\/strong><\/h5>\n<p>Os S\u00f3cios Individuais\/Coletivos e S\u00f3cios Honor\u00e1rios ter\u00e3o direito a apenas um voto em Assembleia Geral.<\/p>\n<h5><strong><span style=\"color: #ff9900;\">Artigo N\u00ba. 7<\/span><\/strong><\/h5>\n<p>Os S\u00f3cios Fundadores e S\u00f3cios Individuais t\u00eam o dever de:<\/p>\n<p>1. Pagar atempadamente as quotas no valor aprovado pela Dire\u00e7\u00e3o;<\/p>\n<p>2. Atuar de modo a garantir a efici\u00eancia, disciplina e prest\u00edgio da Associa\u00e7\u00e3o;<\/p>\n<p>3. Atuar de modo a respeitar os s\u00edmbolos e valores da Associa\u00e7\u00e3o;<\/p>\n<p>4. Participar nas atividades programadas pela Dire\u00e7\u00e3o e para as quais s\u00e3o convocados;<\/p>\n<p>5. Exercer gratuitamente e sem benef\u00edcio pr\u00f3prio, os cargos para os quais sejam eleitos pela Assembleia Geral;<\/p>\n<p>6. Comparecer nas Assembleias Gerais;<\/p>\n<p>7. Acatar as decis\u00f5es dos \u00d3rg\u00e3os Sociais;<\/p>\n<p>8. Utilizar o equipamento\/vestu\u00e1rio nos eventos em que representam a Associa\u00e7\u00e3o.<\/p>\n<h5><strong><span style=\"color: #ff9900;\">Artigo N\u00ba. 8<\/span><\/strong><\/h5>\n<p>Os S\u00f3cios Coletivos t\u00eam o dever de:<\/p>\n<p>1. Pagar atempadamente as quotas no valor e termos definidos pela Dire\u00e7\u00e3o;<\/p>\n<p>2. Atuar de modo a garantir a efici\u00eancia, disciplina e prest\u00edgio da Associa\u00e7\u00e3o;<\/p>\n<p>3. Atuar de modo a respeitar os s\u00edmbolos e valores da Associa\u00e7\u00e3o;<\/p>\n<p>4. Comparecer nas Assembleias Gerais;<\/p>\n<p>5. Acatar as decis\u00f5es dos \u00d3rg\u00e3os Sociais.<\/p>\n<h5><strong><span style=\"color: #ff9900;\">Artigo N\u00ba. 9<\/span><\/strong><\/h5>\n<p>Os S\u00f3cios Fundadores e os S\u00f3cios Individuais t\u00eam os seguintes direitos:<\/p>\n<p>1. Propor e discutir em Assembleia Geral as iniciativas, os atos e os factos que interessam \u00e0 vida da Associa\u00e7\u00e3o;<\/p>\n<p>2. Votar e serem votados em elei\u00e7\u00e3o de corpos sociais, ap\u00f3s 12 meses de perman\u00eancia como associado;<\/p>\n<p>3. Requerer a convoca\u00e7\u00e3o extraordin\u00e1ria da Assembleia nos termos dos estatutos, ap\u00f3s 12 meses de perman\u00eancia como associado;<\/p>\n<p>4. Propor novos associados;<\/p>\n<p>5. Usufruir, por exclusiva decis\u00e3o da Dire\u00e7\u00e3o, de apoio na inscri\u00e7\u00e3o de eventos l\u00fadicos, desportivos e outros, bem como de utiliza\u00e7\u00e3o de meios, materiais e equipamentos de propriedade da Associa\u00e7\u00e3o.<\/p>\n<h5><strong><span style=\"color: #ff9900;\">Artigo N\u00ba. 10<\/span><\/strong><\/h5>\n<p>Os S\u00f3cios Coletivos t\u00eam os seguintes direitos:<\/p>\n<p>Propor e discutir em Assembleia Geral as iniciativas, os atos e os factos que interessam \u00e0 vida da Associa\u00e7\u00e3o.<\/p>\n<h5><strong><span style=\"color: #ff9900;\">Artigo N\u00ba. 11<\/span><\/strong><\/h5>\n<p>Todos os S\u00f3cios est\u00e3o sujeitos \u00e0s seguintes san\u00e7\u00f5es:<\/p>\n<p>1. Os S\u00f3cios que em consequ\u00eancia de comportamentos que sejam considerados lesivos para a Associa\u00e7\u00e3o, ou por infra\u00e7\u00e3o deste regulamento, sofrer\u00e3o as seguintes penalidades:<\/p>\n<p>a) Repreens\u00e3o presencial em reuni\u00e3o da Dire\u00e7\u00e3o;<\/p>\n<p>b) Suspens\u00e3o, pelo prazo determinado pela Dire\u00e7\u00e3o;<\/p>\n<p>c) Expuls\u00e3o por decis\u00e3o da Assembleia Geral;<\/p>\n<p>d) Perdem direito ao usufruto do disposto no ponto 5 do Art.o 9 deste<br \/>\nregulamento.<\/p>\n<p>2. Ser\u00e3o suspensos dos seus direitos os s\u00f3cios que tenham mais de 3 meses de<br \/>\nquotas em atraso, sem motivo justificado;<\/p>\n<p>3. A san\u00e7\u00e3o de suspens\u00e3o determinada pela Dire\u00e7\u00e3o poder\u00e1 transitar em expuls\u00e3o,<br \/>\nsendo esta da exclusiva compet\u00eancia da Assembleia.<\/p>\n<h5><strong><span style=\"color: #ff9900;\">Artigo N\u00ba. 12<\/span><\/strong><\/h5>\n<p>S\u00e3o consideradas como perda do estatuto de S\u00f3cio as seguintes causas:<\/p>\n<p>1. O n\u00e3o cumprimento do Artigo 7o deste Regulamento;<\/p>\n<p>2. Pedido de cancelamento da inscri\u00e7\u00e3o apresentado por escrito;<\/p>\n<p>3. Atraso no pagamento das quotas por um per\u00edodo superior a 5 meses sem motivo<br \/>\njustificado, competindo \u00e0 Dire\u00e7\u00e3o propor a expuls\u00e3o;<\/p>\n<p>4. Expuls\u00e3o por decis\u00e3o da Assembleia.<br \/>\nAos S\u00f3cios que venham a perder este estatuto \u00e9-lhes retirado o direito ao reembolso de quaisquer valores relativos a quotas e outras contribui\u00e7\u00f5es, ficando estes proibidos do uso de qualquer ins\u00edgnia, logotipo, formul\u00e1rio e impresso da Associa\u00e7\u00e3o, sob pena de queixa c\u00edvel.<\/p>\n<p><a href=\"#up\"><img loading=\"lazy\" decoding=\"async\" class=\"aligncenter wp-image-675\" src=\"https:\/\/temivels.pt\/wp-content\/uploads\/2023\/07\/istockphoto-1144366289-170667a-150x150.jpg\" alt=\"\" width=\"40\" height=\"40\" srcset=\"https:\/\/temivels.pt\/wp-content\/uploads\/2023\/07\/istockphoto-1144366289-170667a-150x150.jpg 150w, https:\/\/temivels.pt\/wp-content\/uploads\/2023\/07\/istockphoto-1144366289-170667a-300x300.jpg 300w, https:\/\/temivels.pt\/wp-content\/uploads\/2023\/07\/istockphoto-1144366289-170667a.jpg 416w\" sizes=\"auto, (max-width: 40px) 100vw, 40px\" \/><\/a><\/p>\n<h3 id=\"Artigo N\u00ba. 3\" style=\"text-align: left;\"><span style=\"color: #ff6600;\">Artigo N\u00ba. 3 &#8211; Receitas<\/span><\/h3>\n<p>Constituem receitas da associa\u00e7\u00e3o, designadamente:<\/p>\n<ul>\n<li>a) a joia inicial paga pelos s\u00f3cios;<\/li>\n<li>b) o produto das quotiza\u00e7\u00f5es fixadas pela Assembleia Geral;<\/li>\n<li>c) os rendimentos dos bens pr\u00f3prios da associa\u00e7\u00e3o e as receitas das atividades sociais;<\/li>\n<li>d) as liberalidades aceites pela associa\u00e7\u00e3o;<\/li>\n<li>e) os subs\u00eddios que lhe sejam atribu\u00eddos.<\/li>\n<\/ul>\n<p><a href=\"#up\"><img loading=\"lazy\" decoding=\"async\" class=\"aligncenter wp-image-675\" src=\"https:\/\/temivels.pt\/wp-content\/uploads\/2023\/07\/istockphoto-1144366289-170667a-150x150.jpg\" alt=\"\" width=\"40\" height=\"40\" srcset=\"https:\/\/temivels.pt\/wp-content\/uploads\/2023\/07\/istockphoto-1144366289-170667a-150x150.jpg 150w, https:\/\/temivels.pt\/wp-content\/uploads\/2023\/07\/istockphoto-1144366289-170667a-300x300.jpg 300w, https:\/\/temivels.pt\/wp-content\/uploads\/2023\/07\/istockphoto-1144366289-170667a.jpg 416w\" sizes=\"auto, (max-width: 40px) 100vw, 40px\" \/><\/a><\/p>\n<h3 id=\"Artigo N\u00ba. 4\" style=\"text-align: left;\"><span style=\"color: #ff6600;\">Artigo N\u00ba. 4 &#8211; \u00d3rg\u00e3os<\/span><\/h3>\n<p>1.\u00a0 S\u00e3o \u00f3rg\u00e3os da associa\u00e7\u00e3o a Assembleia Geral, a Dire\u00e7\u00e3o e o Conselho Fiscal.<\/p>\n<p>2. O mandato dos titulares dos \u00f3rg\u00e3os sociais \u00e9 de 2 anos.<\/p>\n<p><a href=\"#up\"><img loading=\"lazy\" decoding=\"async\" class=\"aligncenter wp-image-675\" src=\"https:\/\/temivels.pt\/wp-content\/uploads\/2023\/07\/istockphoto-1144366289-170667a-150x150.jpg\" alt=\"\" width=\"40\" height=\"40\" srcset=\"https:\/\/temivels.pt\/wp-content\/uploads\/2023\/07\/istockphoto-1144366289-170667a-150x150.jpg 150w, https:\/\/temivels.pt\/wp-content\/uploads\/2023\/07\/istockphoto-1144366289-170667a-300x300.jpg 300w, https:\/\/temivels.pt\/wp-content\/uploads\/2023\/07\/istockphoto-1144366289-170667a.jpg 416w\" sizes=\"auto, (max-width: 40px) 100vw, 40px\" \/><\/a><\/p>\n<h3 id=\"Artigo N\u00ba. 5\" style=\"text-align: left;\"><span style=\"color: #ff6600;\">Artigo N\u00ba. 5 &#8211; Assembleia Geral<\/span><\/h3>\n<p>1.\u00a0 A Assembleia Geral \u00e9 constitu\u00edda por todos os associados no pleno gozo dos seus direitos.<\/p>\n<p>2. A compet\u00eancia da Assembleia Geral e a forma do seu funcionamento s\u00e3o os estabelecidos no C\u00f3digo Civil, designadamente no artigo 170\u00ba, e nos artigos 172\u00ba a 179\u00ba.<\/p>\n<p>3. A mesa da Assembleia Geral \u00e9 composta por tr\u00eas associados, um presidente e dois secret\u00e1rios, competindo-lhes dirigir as reuni\u00f5es da assembleia e lavrar as respectivas actas.<\/p>\n<p><a href=\"#up\"><img loading=\"lazy\" decoding=\"async\" class=\"aligncenter wp-image-675\" src=\"https:\/\/temivels.pt\/wp-content\/uploads\/2023\/07\/istockphoto-1144366289-170667a-150x150.jpg\" alt=\"\" width=\"40\" height=\"40\" srcset=\"https:\/\/temivels.pt\/wp-content\/uploads\/2023\/07\/istockphoto-1144366289-170667a-150x150.jpg 150w, https:\/\/temivels.pt\/wp-content\/uploads\/2023\/07\/istockphoto-1144366289-170667a-300x300.jpg 300w, https:\/\/temivels.pt\/wp-content\/uploads\/2023\/07\/istockphoto-1144366289-170667a.jpg 416w\" sizes=\"auto, (max-width: 40px) 100vw, 40px\" \/><\/a><\/p>\n<h3 id=\"Artigo N\u00ba. 6\" style=\"text-align: left;\"><span style=\"color: #ff6600;\">Artigo N\u00ba. 6 &#8211; Dire\u00e7\u00e3o<\/span><\/h3>\n<p>1. A Dire\u00e7\u00e3o, eleita em Assembleia Geral, \u00e9 composta por 5 associados.<\/p>\n<p>2.\u00a0\u00c0 Dire\u00e7\u00e3o compete a ger\u00eancia social, administrativa e financeira da associa\u00e7\u00e3o, representar a associa\u00e7\u00e3o em ju\u00edzo e fora dele.<\/p>\n<p>3. A forma do seu funcionamento \u00e9 a estabelecida no artigo 171\u00ba do C\u00f3digo Civil.<\/p>\n<p>4. A Associa\u00e7\u00e3o obriga-se com a interven\u00e7\u00e3o de 2 membros da Dire\u00e7\u00e3o.<\/p>\n<p><a href=\"#up\"><img loading=\"lazy\" decoding=\"async\" class=\"aligncenter wp-image-675\" src=\"https:\/\/temivels.pt\/wp-content\/uploads\/2023\/07\/istockphoto-1144366289-170667a-150x150.jpg\" alt=\"\" width=\"40\" height=\"40\" srcset=\"https:\/\/temivels.pt\/wp-content\/uploads\/2023\/07\/istockphoto-1144366289-170667a-150x150.jpg 150w, https:\/\/temivels.pt\/wp-content\/uploads\/2023\/07\/istockphoto-1144366289-170667a-300x300.jpg 300w, https:\/\/temivels.pt\/wp-content\/uploads\/2023\/07\/istockphoto-1144366289-170667a.jpg 416w\" sizes=\"auto, (max-width: 40px) 100vw, 40px\" \/><\/a><\/p>\n<h3 id=\"Artigo N\u00ba. 7\" style=\"text-align: left;\"><span style=\"color: #ff6600;\">Artigo N\u00ba. 7 &#8211; Conselho Fiscal<\/span><\/h3>\n<p>1. O Conselho Fiscal, eleito em Assembleia Geral, \u00e9 composto por 3 associados.<\/p>\n<p>2.\u00a0Ao Conselho Fiscal compete fiscalizar os atos administrativos e financeiros da Dire\u00e7\u00e3o, fiscalizar as suas contas e relat\u00f3rios, e dar parecer sobre os atos que impliquem o aumento das despesas ou diminui\u00e7\u00e3o das receitas.<\/p>\n<p>3. A forma do seu funcionamento \u00e9 a estabelecida no artigo 171\u00ba do C\u00f3digo Civil.<\/p>\n<p><a href=\"#up\"><img loading=\"lazy\" decoding=\"async\" class=\"aligncenter wp-image-675\" src=\"https:\/\/temivels.pt\/wp-content\/uploads\/2023\/07\/istockphoto-1144366289-170667a-150x150.jpg\" alt=\"\" width=\"40\" height=\"40\" srcset=\"https:\/\/temivels.pt\/wp-content\/uploads\/2023\/07\/istockphoto-1144366289-170667a-150x150.jpg 150w, https:\/\/temivels.pt\/wp-content\/uploads\/2023\/07\/istockphoto-1144366289-170667a-300x300.jpg 300w, https:\/\/temivels.pt\/wp-content\/uploads\/2023\/07\/istockphoto-1144366289-170667a.jpg 416w\" sizes=\"auto, (max-width: 40px) 100vw, 40px\" \/><\/a><\/p>\n<h3 id=\"Artigo N\u00ba. 8\" style=\"text-align: left;\"><span style=\"color: #ff6600;\">Artigo N\u00ba. 8 &#8211; Admiss\u00e3o ou exclus\u00e3o<\/span><\/h3>\n<p>As condi\u00e7\u00f5es de admiss\u00e3o e exclus\u00e3o dos associados, suas categorias, direitos e obriga\u00e7\u00f5es, constar\u00e3o de regulamento a aprovar pela a Assembleia Geral.<\/p>\n<p><a href=\"#up\"><img loading=\"lazy\" decoding=\"async\" class=\"aligncenter wp-image-675\" src=\"https:\/\/temivels.pt\/wp-content\/uploads\/2023\/07\/istockphoto-1144366289-170667a-150x150.jpg\" alt=\"\" width=\"40\" height=\"40\" srcset=\"https:\/\/temivels.pt\/wp-content\/uploads\/2023\/07\/istockphoto-1144366289-170667a-150x150.jpg 150w, https:\/\/temivels.pt\/wp-content\/uploads\/2023\/07\/istockphoto-1144366289-170667a-300x300.jpg 300w, https:\/\/temivels.pt\/wp-content\/uploads\/2023\/07\/istockphoto-1144366289-170667a.jpg 416w\" sizes=\"auto, (max-width: 40px) 100vw, 40px\" \/><\/a><\/p>\n<h3 id=\"Artigo N\u00ba. 9\" style=\"text-align: left;\"><span style=\"color: #ff6600;\">Artigo N\u00ba. 9 &#8211; Extin\u00e7\u00e3o. Destino dos bens.<\/span><\/h3>\n<p>Extinta a Associa\u00e7\u00e3o, o destino dos bens que integram o patrim\u00f3nio social, que n\u00e3o estejam afetados a fim determinado e que n\u00e3o lhe tenham sido doados ou deixados com algum encargo, ser\u00e1 objeto de delibera\u00e7\u00e3o dos associados.<\/p>\n<p><a href=\"#up\"><img loading=\"lazy\" decoding=\"async\" class=\"aligncenter wp-image-675\" src=\"https:\/\/temivels.pt\/wp-content\/uploads\/2023\/07\/istockphoto-1144366289-170667a-150x150.jpg\" alt=\"\" width=\"40\" height=\"40\" srcset=\"https:\/\/temivels.pt\/wp-content\/uploads\/2023\/07\/istockphoto-1144366289-170667a-150x150.jpg 150w, https:\/\/temivels.pt\/wp-content\/uploads\/2023\/07\/istockphoto-1144366289-170667a-300x300.jpg 300w, https:\/\/temivels.pt\/wp-content\/uploads\/2023\/07\/istockphoto-1144366289-170667a.jpg 416w\" sizes=\"auto, (max-width: 40px) 100vw, 40px\" \/><\/a><\/p>\n<p>&nbsp;<\/p>\n<h5 style=\"text-align: center;\"><\/h5>\n<p>&nbsp;<\/p>\n<p>&nbsp;<\/p>\n","protected":false},"excerpt":{"rendered":"<p>&nbsp; REGULAMENTO INTERNO Aprovado em Assembleia Geral | Faro, 25 Mar\u00e7o 2023 Cap\u00edtulo I\u00a0 Apresenta\u00e7\u00e3o e Objeto Cap\u00edtulo II Dos Associados Artigo N\u00ba. 3 &#8211;&#8230;<\/p>\n","protected":false},"author":1,"featured_media":689,"parent":426,"menu_order":0,"comment_status":"closed","ping_status":"closed","template":"template-full.php","meta":{"footnotes":""},"class_list":["post-688","page","type-page","status-publish","has-post-thumbnail","hentry"],"_links":{"self":[{"href":"https:\/\/temivels.pt\/index.php?rest_route=\/wp\/v2\/pages\/688","targetHints":{"allow":["GET"]}}],"collection":[{"href":"https:\/\/temivels.pt\/index.php?rest_route=\/wp\/v2\/pages"}],"about":[{"href":"https:\/\/temivels.pt\/index.php?rest_route=\/wp\/v2\/types\/page"}],"author":[{"embeddable":true,"href":"https:\/\/temivels.pt\/index.php?rest_route=\/wp\/v2\/users\/1"}],"replies":[{"embeddable":true,"href":"https:\/\/temivels.pt\/index.php?rest_route=%2Fwp%2Fv2%2Fcomments&post=688"}],"version-history":[{"count":17,"href":"https:\/\/temivels.pt\/index.php?rest_route=\/wp\/v2\/pages\/688\/revisions"}],"predecessor-version":[{"id":712,"href":"https:\/\/temivels.pt\/index.php?rest_route=\/wp\/v2\/pages\/688\/revisions\/712"}],"up":[{"embeddable":true,"href":"https:\/\/temivels.pt\/index.php?rest_route=\/wp\/v2\/pages\/426"}],"wp:featuredmedia":[{"embeddable":true,"href":"https:\/\/temivels.pt\/index.php?rest_route=\/wp\/v2\/media\/689"}],"wp:attachment":[{"href":"https:\/\/temivels.pt\/index.php?rest_route=%2Fwp%2Fv2%2Fmedia&parent=688"}],"curies":[{"name":"wp","href":"https:\/\/api.w.org\/{rel}","templated":true}]}}